{"id":4250,"date":"2022-06-25T17:35:42","date_gmt":"2022-06-25T15:35:42","guid":{"rendered":"https:\/\/www.fakelabel.at\/about-us\/"},"modified":"2025-05-08T10:36:52","modified_gmt":"2025-05-08T08:36:52","slug":"our-label","status":"publish","type":"page","link":"https:\/\/www.fakelabel.at\/en\/our-label\/","title":{"rendered":"ABOUT US"},"content":{"rendered":"\n\n\t<section class=\"section\" id=\"section_1871948102\">\n\t\t<div class=\"section-bg fill\" >\n\t\t\t\t\t\t\t\t\t\n\t\t\t\n\n\t\t<\/div>\n\n\t\t\n\n\t\t<div class=\"section-content relative\">\n\t\t\t\n\n<div class=\"slider-wrapper relative\" id=\"slider-3676302\" >\n    <div class=\"slider slider-nav-circle slider-nav-large slider-nav-light slider-style-normal\"\n        data-flickity-options='{\n            \"cellAlign\": \"center\",\n            \"imagesLoaded\": true,\n            \"lazyLoad\": 1,\n            \"freeScroll\": false,\n            \"wrapAround\": true,\n            \"autoPlay\": 6000,\n            \"pauseAutoPlayOnHover\" : true,\n            \"prevNextButtons\": true,\n            \"contain\" : true,\n            \"adaptiveHeight\" : true,\n            \"dragThreshold\" : 10,\n            \"percentPosition\": true,\n            \"pageDots\": true,\n            \"rightToLeft\": false,\n            \"draggable\": true,\n            \"selectedAttraction\": 0.1,\n            \"parallax\" : 0,\n            \"friction\": 0.6        }'\n        >\n        \n\n\n  <div class=\"banner has-hover hide-for-small\" id=\"banner-1090902740\">\n          <div class=\"banner-inner fill\">\n        <div class=\"banner-bg fill\" >\n            <img loading=\"lazy\" decoding=\"async\" width=\"2200\" height=\"1467\" src=\"https:\/\/www.fakelabel.at\/wp-content\/uploads\/2022\/05\/Fake-Label-Produktslide-Homeslide.png\" class=\"bg attachment-original size-original\" alt=\"\" \/>                        <div class=\"overlay\"><\/div>            \n                    <\/div>\n\t\t\n        <div class=\"banner-layers container\">\n            <div class=\"fill banner-link\"><\/div>            \n\n   <div id=\"text-box-38906491\" class=\"text-box banner-layer x5 md-x5 lg-x5 y50 md-y50 lg-y50 res-text\">\n                                <div class=\"text-box-content text box-shadow-3 dark\">\n              \n              <div class=\"text-inner text-center\">\n                  \n\n<h2 class=\"uppercase\"><strong>FAKE LABEL<\/strong><\/h2>\n<h3>_\u00fcber unser Label_<\/h3>\n<p>Fake Label ist ein Modelabel aus<br \/>der Wiener Tattoo &amp; Graffiti Szene.<\/p>\n<a href=\"https:\/\/www.fakelabel.at\/shop\" class=\"button white is-outline\" >\n\t\t<span>SHOP<\/span>\n\t<\/a>\n\n\n<a href=\"https:\/\/www.instagram.com\/fakelabel.at\" target=\"_blank\" class=\"button white is-outline\" rel=\"noopener\" >\n\t\t<span>Instagram<\/span>\n\t<\/a>\n\n\n\n              <\/div>\n           <\/div>\n                            \n<style>\n#text-box-38906491 .text-box-content {\n  background-color: rgba(0, 0, 0, 0.86);\n  font-size: 100%;\n}\n#text-box-38906491 .text-inner {\n  padding: 30px 30px 30px 30px;\n}\n#text-box-38906491 {\n  width: 60%;\n}\n@media (min-width:550px) {\n  #text-box-38906491 {\n    width: 40%;\n  }\n}\n<\/style>\n    <\/div>\n \n\n        <\/div>\n      <\/div>\n\n            \n<style>\n#banner-1090902740 {\n  padding-top: 50%;\n}\n#banner-1090902740 .overlay {\n  background-color: rgba(0, 0, 0, 0.2);\n}\n#banner-1090902740 .banner-bg img {\n  object-position: 2% 29%;\n}\n<\/style>\n  <\/div>\n\n\n\n     <\/div>\n\n     <div class=\"loading-spin dark large centered\"><\/div>\n\n\t<\/div>\n\n\n\n\t\t<\/div>\n\n\t\t\n<style>\n#section_1871948102 {\n  padding-top: 0px;\n  padding-bottom: 0px;\n}\n<\/style>\n\t<\/section>\n\t\n\t<div id=\"gap-1702650289\" class=\"gap-element clearfix hide-for-small\" style=\"display:block; height:auto;\">\n\t\t\n<style>\n#gap-1702650289 {\n  padding-top: 60px;\n}\n<\/style>\n\t<\/div>\n\t\n\n\n\t<section class=\"section\" id=\"section_1923690153\">\n\t\t<div class=\"section-bg fill\" >\n\t\t\t\t\t\t\t\t\t\n\t\t\t\n\n\t\t<\/div>\n\n\t\t\n\n\t\t<div class=\"section-content relative\">\n\t\t\t\n\n<div class=\"row\"  id=\"row-1736323586\">\n\n\n\t<div id=\"col-2053999786\" class=\"col medium-8 small-12 large-8\"  >\n\t\t\t\t<div class=\"col-inner\"  >\n\t\t\t\n\t\t\t\n\n\t<div id=\"gap-108011339\" class=\"gap-element clearfix\" style=\"display:block; height:auto;\">\n\t\t\n<style>\n#gap-108011339 {\n  padding-top: 40px;\n}\n<\/style>\n\t<\/div>\n\t\n\n<h1>NACHHALTIG, ANDERS UND 100% STREETSTYLE<\/h1>\n<div>&nbsp;<\/div>\n<div><strong>Fake Label<\/strong>&nbsp;liefert eine absolut moderne Neuinterpretation von Mode. Wir sind ein Modelabel, das nicht nach den allgemeinen Regeln der Modeindustrie arbeitet. <br \/>Inspiriert und umgesetzt von internationalen Tattoo &amp; Graffiti K\u00fcnstlern mit der Vision, das Label so k\u00fcnstlerisch zu untermauern und zu repr\u00e4sentieren.<\/div>\n<div>&nbsp;<\/div>\n<div>Die eklektischen, zeitgen\u00f6ssischen und k\u00fcnstlerischen Produkte von <strong>Fake Label<\/strong> repr\u00e4sentieren die Graffiti &amp; Tattoo Handwerkskunst und sind auf Qualit\u00e4t und Liebe zum Detail ausgelegt.<\/div>\n<div>&nbsp;<\/div>\n<div>Wir drucken unsere Produkte in Wien und wir sind stolz darauf! W\u00e4hrend wir versuchen, dir immer die <strong>beste Qualit\u00e4t<\/strong> zu bieten, kreieren wir auch st\u00e4ndig neue Designs und Ideen f\u00fcr die Zukunft, \u00fcber die wir dich auf unserem Instagram <a href=\"https:\/\/www.instagram.com\/fakelabel.at\">@fakelabel.at<\/a> informieren werden.<\/div>\n\t<div id=\"gap-328222026\" class=\"gap-element clearfix\" style=\"display:block; height:auto;\">\n\t\t\n<style>\n#gap-328222026 {\n  padding-top: 40px;\n}\n<\/style>\n\t<\/div>\n\t\n\n<h5><strong>BLICK HINTER DIE KULISSEN&#8230;<\/strong><\/h5>\n<div>&#8230; die Kollektionen von <a href=\"https:\/\/www.instagram.com\/cuse_ex\">CUSE_EX<\/a> , <a href=\"https:\/\/www.instagram.com\/dave.vero.ink\">DAVE_VERO_INK<\/a> &amp; <a href=\"https:\/\/www.instagram.com\/captn.simon\">CAPTN.SIMON<\/a> in Zusammenarbeit mit <strong>Fake Label.<\/strong><\/div>\n<div>&nbsp;<\/div>\n<h5>FOLGE UNS AUCH AUF INSTAGRAM UND BLEIBE UP2DATE!<\/h5>\n\t<div id=\"gap-847142372\" class=\"gap-element clearfix\" style=\"display:block; height:auto;\">\n\t\t\n<style>\n#gap-847142372 {\n  padding-top: 15px;\n}\n<\/style>\n\t<\/div>\n\t\n\n\n\t\t<\/div>\n\t\t\t\t\t<\/div>\n\n\t\n\n\t<div id=\"col-302953899\" class=\"col medium-4 small-12 large-4\"  >\n\t\t\t\t<div class=\"col-inner\"  >\n\t\t\t\n\t\t\t\n\n\t<div class=\"img has-hover x md-x lg-x y md-y lg-y\" id=\"image_1736198862\">\n\t\t\t\t\t\t\t\t<div class=\"img-inner dark\" >\n\t\t\t<img loading=\"lazy\" decoding=\"async\" width=\"853\" height=\"1024\" src=\"https:\/\/www.fakelabel.at\/wp-content\/uploads\/2022\/06\/Fake-Label-Productfoto_DEATH-back-white-853x1024.png\" class=\"attachment-large size-large\" alt=\"\" srcset=\"https:\/\/www.fakelabel.at\/wp-content\/uploads\/2022\/06\/Fake-Label-Productfoto_DEATH-back-white-853x1024.png 853w, https:\/\/www.fakelabel.at\/wp-content\/uploads\/2022\/06\/Fake-Label-Productfoto_DEATH-back-white-600x720.png 600w, https:\/\/www.fakelabel.at\/wp-content\/uploads\/2022\/06\/Fake-Label-Productfoto_DEATH-back-white-700x840.png 700w, https:\/\/www.fakelabel.at\/wp-content\/uploads\/2022\/06\/Fake-Label-Productfoto_DEATH-back-white-250x300.png 250w, https:\/\/www.fakelabel.at\/wp-content\/uploads\/2022\/06\/Fake-Label-Productfoto_DEATH-back-white-768x922.png 768w, https:\/\/www.fakelabel.at\/wp-content\/uploads\/2022\/06\/Fake-Label-Productfoto_DEATH-back-white-350x420.png 350w, https:\/\/www.fakelabel.at\/wp-content\/uploads\/2022\/06\/Fake-Label-Productfoto_DEATH-back-white-510x612.png 510w, https:\/\/www.fakelabel.at\/wp-content\/uploads\/2022\/06\/Fake-Label-Productfoto_DEATH-back-white.png 1000w\" sizes=\"auto, (max-width: 853px) 100vw, 853px\" \/>\t\t\t\t\t\t\n\t\t\t\t\t<\/div>\n\t\t\t\t\t\t\t\t\n<style>\n#image_1736198862 {\n  width: 100%;\n}\n<\/style>\n\t<\/div>\n\t\n\n\t<div class=\"img has-hover hidden x md-x lg-x y md-y lg-y\" id=\"image_406376322\">\n\t\t\t\t\t\t\t\t<div class=\"img-inner dark\" >\n\t\t\t<img loading=\"lazy\" decoding=\"async\" width=\"667\" height=\"1000\" src=\"https:\/\/www.fakelabel.at\/wp-content\/uploads\/2022\/05\/Fake-Label-Produktslide-Facemasks-cut.png\" class=\"attachment-original size-original\" alt=\"Fake-Label-Produktslide-Facemasks-cut\" srcset=\"https:\/\/www.fakelabel.at\/wp-content\/uploads\/2022\/05\/Fake-Label-Produktslide-Facemasks-cut.png 667w, https:\/\/www.fakelabel.at\/wp-content\/uploads\/2022\/05\/Fake-Label-Produktslide-Facemasks-cut-600x900.png 600w, https:\/\/www.fakelabel.at\/wp-content\/uploads\/2022\/05\/Fake-Label-Produktslide-Facemasks-cut-410x615.png 410w, https:\/\/www.fakelabel.at\/wp-content\/uploads\/2022\/05\/Fake-Label-Produktslide-Facemasks-cut-200x300.png 200w, https:\/\/www.fakelabel.at\/wp-content\/uploads\/2022\/05\/Fake-Label-Produktslide-Facemasks-cut-350x525.png 350w, https:\/\/www.fakelabel.at\/wp-content\/uploads\/2022\/05\/Fake-Label-Produktslide-Facemasks-cut-510x765.png 510w\" sizes=\"auto, (max-width: 667px) 100vw, 667px\" \/>\t\t\t\t\t\t\n\t\t\t\t\t<\/div>\n\t\t\t\t\t\t\t\t\n<style>\n#image_406376322 {\n  width: 100%;\n}\n<\/style>\n\t<\/div>\n\t\n\n\n\t\t<\/div>\n\t\t\t\t\t<\/div>\n\n\t\n\n<\/div>\n\n\t\t<\/div>\n\n\t\t\n<style>\n#section_1923690153 {\n  padding-top: 30px;\n  padding-bottom: 30px;\n}\n<\/style>\n\t<\/section>\n\t\n\n\t<section class=\"section\" id=\"section_1676629787\">\n\t\t<div class=\"section-bg fill\" >\n\t\t\t\t\t\t\t\t\t\n\t\t\t\n\n\t\t<\/div>\n\n\t\t\n\n\t\t<div class=\"section-content relative\">\n\t\t\t\n\n\t<div id=\"text-2188997308\" class=\"text\">\n\t\t\n\n<h1 class=\"uppercase\" style=\"text-align: center;\"><strong>DIE K\u00d6PFE HINTER FAKE LABEL<\/strong><\/h1>\n\t\t\n<style>\n#text-2188997308 {\n  font-size: 1.15rem;\n}\n@media (min-width:550px) {\n  #text-2188997308 {\n    font-size: 1.55rem;\n  }\n}\n<\/style>\n\t<\/div>\n\t\n\n\t\t<\/div>\n\n\t\t\n<style>\n#section_1676629787 {\n  padding-top: 0px;\n  padding-bottom: 0px;\n}\n<\/style>\n\t<\/section>\n\t\n<div class=\"slider-wrapper relative\" id=\"slider-1584222844\" >\n    <div class=\"slider slider-nav-circle slider-nav-large slider-nav-light slider-style-normal\"\n        data-flickity-options='{\n            \"cellAlign\": \"center\",\n            \"imagesLoaded\": true,\n            \"lazyLoad\": 1,\n            \"freeScroll\": false,\n            \"wrapAround\": true,\n            \"autoPlay\": 6000,\n            \"pauseAutoPlayOnHover\" : true,\n            \"prevNextButtons\": true,\n            \"contain\" : true,\n            \"adaptiveHeight\" : true,\n            \"dragThreshold\" : 10,\n            \"percentPosition\": true,\n            \"pageDots\": true,\n            \"rightToLeft\": false,\n            \"draggable\": true,\n            \"selectedAttraction\": 0.1,\n            \"parallax\" : 0,\n            \"friction\": 0.6        }'\n        >\n        \n\n\n  <div class=\"banner has-hover\" id=\"banner-975599735\">\n          <div class=\"banner-inner fill\">\n        <div class=\"banner-bg fill\" >\n            <img loading=\"lazy\" decoding=\"async\" width=\"1920\" height=\"1280\" src=\"https:\/\/www.fakelabel.at\/wp-content\/uploads\/2022\/11\/Fake-Label-GANGGANGG.jpg\" class=\"bg attachment-original size-original\" alt=\"\" \/>                                    \n                    <\/div>\n\t\t\n        <div class=\"banner-layers container\">\n            <div class=\"fill banner-link\"><\/div>            \n\n   <div id=\"text-box-170870349\" class=\"text-box banner-layer x50 md-x50 lg-x50 y65 md-y65 lg-y65 res-text\">\n                                <div class=\"text-box-content text dark\">\n              \n              <div class=\"text-inner text-center\">\n                  \n\n\n              <\/div>\n           <\/div>\n                            \n<style>\n#text-box-170870349 {\n  width: 60%;\n}\n#text-box-170870349 .text-box-content {\n  font-size: 100%;\n}\n<\/style>\n    <\/div>\n \n\n        <\/div>\n      <\/div>\n\n            \n<style>\n#banner-975599735 {\n  padding-top: 56.25%;\n}\n#banner-975599735 .banner-bg img {\n  object-position: 37% 53%;\n}\n@media (min-width:550px) {\n  #banner-975599735 {\n    padding-top: 650px;\n  }\n}\n<\/style>\n  <\/div>\n\n\n\n     <\/div>\n\n     <div class=\"loading-spin dark large centered\"><\/div>\n\n\t<\/div>\n\n\n\n","protected":false},"excerpt":{"rendered":"","protected":false},"author":4,"featured_media":0,"parent":0,"menu_order":0,"comment_status":"closed","ping_status":"closed","template":"page-blank.php","meta":{"footnotes":""},"class_list":["post-4250","page","type-page","status-publish","hentry"],"yoast_head":"<!-- This site is optimized with the Yoast SEO plugin v27.1.1 - https:\/\/yoast.com\/product\/yoast-seo-wordpress\/ -->\n<title>ABOUT US - Fake Label<\/title>\n<meta name=\"robots\" content=\"index, follow, max-snippet:-1, max-image-preview:large, max-video-preview:-1\" \/>\n<link rel=\"canonical\" href=\"https:\/\/www.fakelabel.at\/en\/our-label\/\" \/>\n<meta property=\"og:locale\" content=\"en_US\" \/>\n<meta property=\"og:type\" content=\"article\" \/>\n<meta property=\"og:title\" content=\"ABOUT US - Fake Label\" \/>\n<meta property=\"og:url\" content=\"https:\/\/www.fakelabel.at\/en\/our-label\/\" \/>\n<meta property=\"og:site_name\" content=\"Fake Label\" \/>\n<meta property=\"article:publisher\" content=\"https:\/\/www.facebook.com\/profile.php?id=100063722319482\" \/>\n<meta property=\"article:modified_time\" content=\"2025-05-08T08:36:52+00:00\" \/>\n<meta property=\"og:image\" content=\"https:\/\/www.fakelabel.at\/wp-content\/uploads\/2024\/01\/Fake-Label-SEO-Slide.jpg\" \/>\n\t<meta property=\"og:image:width\" content=\"1200\" \/>\n\t<meta property=\"og:image:height\" content=\"675\" \/>\n\t<meta property=\"og:image:type\" content=\"image\/jpeg\" \/>\n<meta name=\"twitter:card\" content=\"summary_large_image\" \/>\n<meta name=\"twitter:label1\" content=\"Est. reading time\" \/>\n\t<meta name=\"twitter:data1\" content=\"2 minutes\" \/>\n<script type=\"application\/ld+json\" class=\"yoast-schema-graph\">{\"@context\":\"https:\/\/schema.org\",\"@graph\":[{\"@type\":\"WebPage\",\"@id\":\"https:\/\/www.fakelabel.at\/en\/our-label\/\",\"url\":\"https:\/\/www.fakelabel.at\/en\/our-label\/\",\"name\":\"ABOUT US - Fake Label\",\"isPartOf\":{\"@id\":\"https:\/\/www.fakelabel.at\/#website\"},\"datePublished\":\"2022-06-25T15:35:42+00:00\",\"dateModified\":\"2025-05-08T08:36:52+00:00\",\"breadcrumb\":{\"@id\":\"https:\/\/www.fakelabel.at\/en\/our-label\/#breadcrumb\"},\"inLanguage\":\"en-US\",\"potentialAction\":[{\"@type\":\"ReadAction\",\"target\":[\"https:\/\/www.fakelabel.at\/en\/our-label\/\"]}]},{\"@type\":\"BreadcrumbList\",\"@id\":\"https:\/\/www.fakelabel.at\/en\/our-label\/#breadcrumb\",\"itemListElement\":[{\"@type\":\"ListItem\",\"position\":1,\"name\":\"Startseite\",\"item\":\"https:\/\/www.fakelabel.at\/en\/\"},{\"@type\":\"ListItem\",\"position\":2,\"name\":\"ABOUT US\"}]},{\"@type\":\"WebSite\",\"@id\":\"https:\/\/www.fakelabel.at\/#website\",\"url\":\"https:\/\/www.fakelabel.at\/\",\"name\":\"Fake Label\",\"description\":\"anime streetwear clothing\",\"publisher\":{\"@id\":\"https:\/\/www.fakelabel.at\/#organization\"},\"alternateName\":\"FAKE WEAR FOR FAKE PEOPLE\",\"potentialAction\":[{\"@type\":\"SearchAction\",\"target\":{\"@type\":\"EntryPoint\",\"urlTemplate\":\"https:\/\/www.fakelabel.at\/?s={search_term_string}\"},\"query-input\":{\"@type\":\"PropertyValueSpecification\",\"valueRequired\":true,\"valueName\":\"search_term_string\"}}],\"inLanguage\":\"en-US\"},{\"@type\":\"Organization\",\"@id\":\"https:\/\/www.fakelabel.at\/#organization\",\"name\":\"FAKE LABEL\",\"alternateName\":\"FAKE WEAR FOR REAL PEOPLE\",\"url\":\"https:\/\/www.fakelabel.at\/\",\"logo\":{\"@type\":\"ImageObject\",\"inLanguage\":\"en-US\",\"@id\":\"https:\/\/www.fakelabel.at\/#\/schema\/logo\/image\/\",\"url\":\"https:\/\/www.fakelabel.at\/wp-content\/uploads\/2022\/11\/EMAIL.png\",\"contentUrl\":\"https:\/\/www.fakelabel.at\/wp-content\/uploads\/2022\/11\/EMAIL.png\",\"width\":500,\"height\":225,\"caption\":\"FAKE LABEL\"},\"image\":{\"@id\":\"https:\/\/www.fakelabel.at\/#\/schema\/logo\/image\/\"},\"sameAs\":[\"https:\/\/www.facebook.com\/profile.php?id=100063722319482\",\"https:\/\/www.instagram.com\/fakelabel.at\",\"https:\/\/www.pinterest.at\/daveveroink\/\"]}]}<\/script>\n<!-- \/ Yoast SEO plugin. -->","yoast_head_json":{"title":"ABOUT US - Fake Label","robots":{"index":"index","follow":"follow","max-snippet":"max-snippet:-1","max-image-preview":"max-image-preview:large","max-video-preview":"max-video-preview:-1"},"canonical":"https:\/\/www.fakelabel.at\/en\/our-label\/","og_locale":"en_US","og_type":"article","og_title":"ABOUT US - Fake Label","og_url":"https:\/\/www.fakelabel.at\/en\/our-label\/","og_site_name":"Fake Label","article_publisher":"https:\/\/www.facebook.com\/profile.php?id=100063722319482","article_modified_time":"2025-05-08T08:36:52+00:00","og_image":[{"width":1200,"height":675,"url":"https:\/\/www.fakelabel.at\/wp-content\/uploads\/2024\/01\/Fake-Label-SEO-Slide.jpg","type":"image\/jpeg"}],"twitter_card":"summary_large_image","twitter_misc":{"Est. reading time":"2 minutes"},"schema":{"@context":"https:\/\/schema.org","@graph":[{"@type":"WebPage","@id":"https:\/\/www.fakelabel.at\/en\/our-label\/","url":"https:\/\/www.fakelabel.at\/en\/our-label\/","name":"ABOUT US - Fake Label","isPartOf":{"@id":"https:\/\/www.fakelabel.at\/#website"},"datePublished":"2022-06-25T15:35:42+00:00","dateModified":"2025-05-08T08:36:52+00:00","breadcrumb":{"@id":"https:\/\/www.fakelabel.at\/en\/our-label\/#breadcrumb"},"inLanguage":"en-US","potentialAction":[{"@type":"ReadAction","target":["https:\/\/www.fakelabel.at\/en\/our-label\/"]}]},{"@type":"BreadcrumbList","@id":"https:\/\/www.fakelabel.at\/en\/our-label\/#breadcrumb","itemListElement":[{"@type":"ListItem","position":1,"name":"Startseite","item":"https:\/\/www.fakelabel.at\/en\/"},{"@type":"ListItem","position":2,"name":"ABOUT US"}]},{"@type":"WebSite","@id":"https:\/\/www.fakelabel.at\/#website","url":"https:\/\/www.fakelabel.at\/","name":"Fake Label","description":"anime streetwear clothing","publisher":{"@id":"https:\/\/www.fakelabel.at\/#organization"},"alternateName":"FAKE WEAR FOR FAKE PEOPLE","potentialAction":[{"@type":"SearchAction","target":{"@type":"EntryPoint","urlTemplate":"https:\/\/www.fakelabel.at\/?s={search_term_string}"},"query-input":{"@type":"PropertyValueSpecification","valueRequired":true,"valueName":"search_term_string"}}],"inLanguage":"en-US"},{"@type":"Organization","@id":"https:\/\/www.fakelabel.at\/#organization","name":"FAKE LABEL","alternateName":"FAKE WEAR FOR REAL PEOPLE","url":"https:\/\/www.fakelabel.at\/","logo":{"@type":"ImageObject","inLanguage":"en-US","@id":"https:\/\/www.fakelabel.at\/#\/schema\/logo\/image\/","url":"https:\/\/www.fakelabel.at\/wp-content\/uploads\/2022\/11\/EMAIL.png","contentUrl":"https:\/\/www.fakelabel.at\/wp-content\/uploads\/2022\/11\/EMAIL.png","width":500,"height":225,"caption":"FAKE LABEL"},"image":{"@id":"https:\/\/www.fakelabel.at\/#\/schema\/logo\/image\/"},"sameAs":["https:\/\/www.facebook.com\/profile.php?id=100063722319482","https:\/\/www.instagram.com\/fakelabel.at","https:\/\/www.pinterest.at\/daveveroink\/"]}]}},"_links":{"self":[{"href":"https:\/\/www.fakelabel.at\/en\/wp-json\/wp\/v2\/pages\/4250","targetHints":{"allow":["GET"]}}],"collection":[{"href":"https:\/\/www.fakelabel.at\/en\/wp-json\/wp\/v2\/pages"}],"about":[{"href":"https:\/\/www.fakelabel.at\/en\/wp-json\/wp\/v2\/types\/page"}],"author":[{"embeddable":true,"href":"https:\/\/www.fakelabel.at\/en\/wp-json\/wp\/v2\/users\/4"}],"replies":[{"embeddable":true,"href":"https:\/\/www.fakelabel.at\/en\/wp-json\/wp\/v2\/comments?post=4250"}],"version-history":[{"count":3,"href":"https:\/\/www.fakelabel.at\/en\/wp-json\/wp\/v2\/pages\/4250\/revisions"}],"predecessor-version":[{"id":8498,"href":"https:\/\/www.fakelabel.at\/en\/wp-json\/wp\/v2\/pages\/4250\/revisions\/8498"}],"wp:attachment":[{"href":"https:\/\/www.fakelabel.at\/en\/wp-json\/wp\/v2\/media?parent=4250"}],"curies":[{"name":"wp","href":"https:\/\/api.w.org\/{rel}","templated":true}]}}